{"id":17,"date":"2022-10-31T17:40:47","date_gmt":"2022-10-31T16:40:47","guid":{"rendered":"https:\/\/bastelstudio-oschatz.de\/?page_id=17"},"modified":"2024-09-02T13:35:34","modified_gmt":"2024-09-02T11:35:34","slug":"service","status":"publish","type":"page","link":"https:\/\/bastelstudio-oschatz.de\/index.php\/service\/","title":{"rendered":"Service"},"content":{"rendered":"\n<h3 class=\"wp-block-heading has-text-align-center\">Brennservice und T\u00f6pferzubeh\u00f6r<\/h3>\n\n\n\n<p>Wir f\u00fchren wei\u00dfen und roten Ton sowie viele Glasuren von Botz. Du kannst die Grundlagen des T\u00f6pferns in unseren Kursen erlernen. Wenn du gern mit Freunden zu Hause t\u00f6pferst bieten wir\u00a0<strong>Brennservice<\/strong>\u00a0an. Unser Ofen fasst alles bis 40 cm H\u00f6he und 40 cm Durchmesser. Die\u00a0 Abrechnung erfolgt \u00fcber das Gewicht \u2013 1 kg kostet 9 \u20ac. Du kannst zur normalen \u00d6ffnungszeit die getrockneten Sachen mit einem Zettel mit deinem Namen und den get\u00f6pferten Teilen abgeben.<\/p>\n\n\n\n<figure class=\"wp-block-image size-large\"><img loading=\"lazy\" decoding=\"async\" width=\"1024\" height=\"768\" src=\"https:\/\/bastelstudio-oschatz.de\/wp-content\/uploads\/2022\/11\/dsc00274-1024x768.jpg\" alt=\"\" class=\"wp-image-81\" srcset=\"https:\/\/bastelstudio-oschatz.de\/wp-content\/uploads\/2022\/11\/dsc00274-1024x768.jpg 1024w, https:\/\/bastelstudio-oschatz.de\/wp-content\/uploads\/2022\/11\/dsc00274-300x225.jpg 300w, https:\/\/bastelstudio-oschatz.de\/wp-content\/uploads\/2022\/11\/dsc00274-768x576.jpg 768w, https:\/\/bastelstudio-oschatz.de\/wp-content\/uploads\/2022\/11\/dsc00274-1536x1152.jpg 1536w, https:\/\/bastelstudio-oschatz.de\/wp-content\/uploads\/2022\/11\/dsc00274-1100x825.jpg 1100w, https:\/\/bastelstudio-oschatz.de\/wp-content\/uploads\/2022\/11\/dsc00274.jpg 2048w\" sizes=\"auto, (max-width: 1024px) 100vw, 1024px\" \/><\/figure>\n\n\n\n<p><\/p>\n\n\n\n<h3 class=\"wp-block-heading has-text-align-center\">Geldgeschenke<\/h3>\n\n\n\n<p>Wir fertigen f\u00fcr euch schicke Verpackungen zu Hochzeiten, runden Geburtstagen oder Weihnachten innerhalb von 2 Werktagen an. Au\u00dferdem findet ihr im Bastelstudio immer eine reiche Auswahl zu allen Themen und in verschiedenen Preislagen gleich&nbsp; zum mitnehmen.<\/p>\n","protected":false},"excerpt":{"rendered":"<p>Brennservice und T\u00f6pferzubeh\u00f6r Wir f\u00fchren wei\u00dfen und roten Ton sowie viele Glasuren von Botz. Du kannst die Grundlagen des T\u00f6pferns in unseren Kursen erlernen. Wenn du gern mit Freunden zu Hause t\u00f6pferst bieten wir\u00a0Brennservice\u00a0an. Unser Ofen fasst alles bis 40 cm H\u00f6he und 40 cm &hellip; <\/p>\n<p class=\"more-link-wrap\"><a href=\"https:\/\/bastelstudio-oschatz.de\/index.php\/service\/\" class=\"more-link\">Continue reading <span class=\"screen-reader-text\">Service<\/span><\/a><\/p>\n","protected":false},"author":2,"featured_media":0,"parent":0,"menu_order":0,"comment_status":"closed","ping_status":"closed","template":"","meta":{"footnotes":""},"class_list":["entry","page","publish","author-schoenfelda","post-17"],"_links":{"self":[{"href":"https:\/\/bastelstudio-oschatz.de\/index.php\/wp-json\/wp\/v2\/pages\/17","targetHints":{"allow":["GET"]}}],"collection":[{"href":"https:\/\/bastelstudio-oschatz.de\/index.php\/wp-json\/wp\/v2\/pages"}],"about":[{"href":"https:\/\/bastelstudio-oschatz.de\/index.php\/wp-json\/wp\/v2\/types\/page"}],"author":[{"embeddable":true,"href":"https:\/\/bastelstudio-oschatz.de\/index.php\/wp-json\/wp\/v2\/users\/2"}],"replies":[{"embeddable":true,"href":"https:\/\/bastelstudio-oschatz.de\/index.php\/wp-json\/wp\/v2\/comments?post=17"}],"version-history":[{"count":8,"href":"https:\/\/bastelstudio-oschatz.de\/index.php\/wp-json\/wp\/v2\/pages\/17\/revisions"}],"predecessor-version":[{"id":342,"href":"https:\/\/bastelstudio-oschatz.de\/index.php\/wp-json\/wp\/v2\/pages\/17\/revisions\/342"}],"wp:attachment":[{"href":"https:\/\/bastelstudio-oschatz.de\/index.php\/wp-json\/wp\/v2\/media?parent=17"}],"curies":[{"name":"wp","href":"https:\/\/api.w.org\/{rel}","templated":true}]}}